{"id":1293,"date":"2025-12-14T16:09:25","date_gmt":"2025-12-14T13:09:25","guid":{"rendered":"https:\/\/ggk.com.tr\/cerez-kullanimi\/"},"modified":"2026-01-02T17:49:08","modified_gmt":"2026-01-02T14:49:08","slug":"cookie-policy","status":"publish","type":"page","link":"https:\/\/ggk.com.tr\/en\/cookie-policy\/","title":{"rendered":"Cookie Policy"},"content":{"rendered":"\t\t<div data-elementor-type=\"wp-page\" data-elementor-id=\"1293\" class=\"elementor elementor-1293 elementor-629\" data-elementor-post-type=\"page\">\n\t\t\t\t<div class=\"elementor-element elementor-element-cc79f73 e-flex e-con-boxed e-con e-parent\" data-id=\"cc79f73\" data-element_type=\"container\" data-e-type=\"container\">\n\t\t\t\t\t<div class=\"e-con-inner\">\n\t\t\t\t<div class=\"elementor-element elementor-element-4631ecf elementor-widget elementor-widget-text-editor\" data-id=\"4631ecf\" data-element_type=\"widget\" data-e-type=\"widget\" data-widget_type=\"text-editor.default\">\n\t\t\t\t\t\t\t\t\t<h3>PURPOSE<\/h3><p>This Policy has been prepared to inform the website visitors about the cookies that can be used on our website.<br \/><br \/><\/p><h3>WHAT IS A COOKIE?<\/h3><p>A cookie is information stored on your computer by a website you visit. Cookies save your actions and preferred settings during your browser session or for your next visit to our website. In this way, the next time you visit our website, this information will be sent back to the server and the device you log in to our website will be automatically recognized and your settings will be restored to provide you with ease of use. The information recorded by our site through the cookie method is limited to what you provide. Information that you do not share on our site is inaccessible. In addition, cookies cannot access other files on your computer.<br \/><br \/><\/p><h3>WHAT IS IT USED FOR?<\/h3><p>Cookies are used to improve our website by saving your actions and preferences on the device you are logging into our Site and to provide you with ease of use by automatically uploading the saved settings if you log in from the same device again.<br \/><br \/><\/p><h3>WHAT ARE THE TYPES OF COOKIES?<\/h3><ul><li><u>Mandatory Cookies:<\/u>Cookies required for the website to function properly.<\/li><li><u>Performance Cookies:<\/u>It aims to provide an improved and personal experience to the user by enabling user preferences such as language settings on the website to be saved.<\/li><li><u>Analytical Cookies:<\/u>\u202fCookies used to collect statistical information such as pages used to analyze the use of websites, click information, and the duration of stay on a page.<\/li><li><u>Technical Cookies:<\/u>\u00a0Cookies used to monitor the proper functioning of the website.<\/li><li><u>Personalization Cookies:<\/u>\u00a0Cookies used to provide personalized content and experience to the user according to user behavior and preferences.<\/li><\/ul><p><br \/><br \/><\/p><h3>LEGAL REASON AND METHOD OF COLLECTING COOKIES<\/h3><p>We process the cookies on our website, which are mandatory for the management of the website, within the scope of the <i>data processing conditions stipulated in the Personal Data Protection Law No. 6698 (&#8220;LPPD&#8221;), under the condition that &#8220;data processing is mandatory for the legitimate interests of the data controller provided that it does not harm the fundamental rights and freedoms of the person concerned&#8221;.<\/i>\u00a0We process other cookies within the scope of<i>\u00a0&#8220;Presence of explicit consent&#8221;<\/i>. You can show your explicit consent by giving consent to cookies through the &#8220;Cookie Control Panel&#8221;. All cookies are collected automatically through the website.<br \/><br \/><\/p><h3>CHANGING COOKIE PREFERENCES<\/h3><p>Compulsory cookies are used on our website at ggk.com.tr (Y\u0131ld\u0131z Holding Food Safety Board) in order to provide you with a better service. These cookies cannot be disabled through the &#8220;Cookie Control Panel&#8221;. You can view the mandatory cookies used on our site through the &#8220;Cookie Control Panel&#8221;. You can reject or delete the types of cookies other than mandatory cookies in the settings section of your browser.<br \/><br \/><\/p><h3>COOKIE LIST<\/h3><p><b>1. Mandatory Cookies:<\/b><br \/><b>Cookie Names:<\/b>\u00a0access_token, refresh_token, user_token, email<br \/><b>Purpose of Use of Cookies:<\/b>\u00a0It ensures that only users who have signed up are recognized until a certain time in order not to log in with a password again at the opening of the site.<\/p><p><b>2. Analytical Cookies<\/b><br \/><b>Cookie Name:<\/b>\u00a0_ga<br \/><b>Purpose of Use of Cookies:<\/b>\u00a0\u202fCookies used by Google Analytics to analyze the usage habits of our subscribers\/visitors and to determine application statistics. (For example: how many times our site has been opened, what hours our site has been used, what are the most used sections within our site)<\/p><p><b>3. Functionality Cookies:<\/b><br \/><b>Cookie Name:<\/b>\u00a0cookieConsent<br \/><b>Purpose of Use of Cookies:<\/b>\u00a0It keeps the consent information for the use of cookies and prevents the approval from being obtained again.<\/p><p><b>4. Personalization Cookies:<\/b><br \/><b>Cookie Name:<\/b>\u00a0language<br \/><b>Purpose of Use of Cookies:<\/b>\u00a0It allows users to open the site with the language selected at the re-opening of the site by storing the language option preference.<\/p>\t\t\t\t\t\t\t\t<\/div>\n\t\t\t\t\t<\/div>\n\t\t\t\t<\/div>\n\t\t\t\t<\/div>\n\t\t","protected":false},"excerpt":{"rendered":"<p>PURPOSE This Policy has been prepared to inform the website visitors about the cookies that can be used on our website. WHAT IS A COOKIE? A cookie is information stored on your computer by a website you visit. Cookies save your actions and preferred settings during your browser session or for your next visit to [&hellip;]<\/p>\n","protected":false},"author":248008079,"featured_media":1294,"parent":0,"menu_order":0,"comment_status":"closed","ping_status":"closed","template":"","meta":{"jetpack_post_was_ever_published":false,"footnotes":""},"class_list":["post-1293","page","type-page","status-publish","has-post-thumbnail","hentry"],"yoast_head":"<!-- This site is optimized with the Yoast SEO plugin v27.3 - https:\/\/yoast.com\/product\/yoast-seo-wordpress\/ -->\n<title>Cookie Policy - G\u0131da G\u00fcvenli\u011fi Kurulu<\/title>\n<meta name=\"robots\" content=\"index, follow, max-snippet:-1, max-image-preview:large, max-video-preview:-1\" \/>\n<link rel=\"canonical\" href=\"https:\/\/ggk.com.tr\/en\/cookie-policy\/\" \/>\n<meta property=\"og:locale\" content=\"en_US\" \/>\n<meta property=\"og:type\" content=\"article\" \/>\n<meta property=\"og:title\" content=\"Cookie Policy - G\u0131da G\u00fcvenli\u011fi Kurulu\" \/>\n<meta property=\"og:description\" content=\"PURPOSE This Policy has been prepared to inform the website visitors about the cookies that can be used on our website. WHAT IS A COOKIE? A cookie is information stored on your computer by a website you visit. Cookies save your actions and preferred settings during your browser session or for your next visit to [&hellip;]\" \/>\n<meta property=\"og:url\" content=\"https:\/\/ggk.com.tr\/en\/cookie-policy\/\" \/>\n<meta property=\"og:site_name\" content=\"G\u0131da G\u00fcvenli\u011fi Kurulu\" \/>\n<meta property=\"article:modified_time\" content=\"2026-01-02T14:49:08+00:00\" \/>\n<meta property=\"og:image\" content=\"https:\/\/ggk.com.tr\/wp-content\/uploads\/2025\/12\/cerez-kullanimi.webp\" \/>\n\t<meta property=\"og:image:width\" content=\"1920\" \/>\n\t<meta property=\"og:image:height\" content=\"1280\" \/>\n\t<meta property=\"og:image:type\" content=\"image\/webp\" \/>\n<meta name=\"twitter:card\" content=\"summary_large_image\" \/>\n<meta name=\"twitter:label1\" content=\"Est. reading time\" \/>\n\t<meta name=\"twitter:data1\" content=\"3 minutes\" \/>\n<script type=\"application\/ld+json\" class=\"yoast-schema-graph\">{\"@context\":\"https:\\\/\\\/schema.org\",\"@graph\":[{\"@type\":\"WebPage\",\"@id\":\"https:\\\/\\\/ggk.com.tr\\\/en\\\/cookie-policy\\\/\",\"url\":\"https:\\\/\\\/ggk.com.tr\\\/en\\\/cookie-policy\\\/\",\"name\":\"Cookie Policy - G\u0131da G\u00fcvenli\u011fi Kurulu\",\"isPartOf\":{\"@id\":\"https:\\\/\\\/ggk.com.tr\\\/en\\\/#website\"},\"primaryImageOfPage\":{\"@id\":\"https:\\\/\\\/ggk.com.tr\\\/en\\\/cookie-policy\\\/#primaryimage\"},\"image\":{\"@id\":\"https:\\\/\\\/ggk.com.tr\\\/en\\\/cookie-policy\\\/#primaryimage\"},\"thumbnailUrl\":\"https:\\\/\\\/ggk.com.tr\\\/wp-content\\\/uploads\\\/2025\\\/12\\\/cerez-kullanimi.webp\",\"datePublished\":\"2025-12-14T13:09:25+00:00\",\"dateModified\":\"2026-01-02T14:49:08+00:00\",\"breadcrumb\":{\"@id\":\"https:\\\/\\\/ggk.com.tr\\\/en\\\/cookie-policy\\\/#breadcrumb\"},\"inLanguage\":\"en-US\",\"potentialAction\":[{\"@type\":\"ReadAction\",\"target\":[\"https:\\\/\\\/ggk.com.tr\\\/en\\\/cookie-policy\\\/\"]}]},{\"@type\":\"ImageObject\",\"inLanguage\":\"en-US\",\"@id\":\"https:\\\/\\\/ggk.com.tr\\\/en\\\/cookie-policy\\\/#primaryimage\",\"url\":\"https:\\\/\\\/ggk.com.tr\\\/wp-content\\\/uploads\\\/2025\\\/12\\\/cerez-kullanimi.webp\",\"contentUrl\":\"https:\\\/\\\/ggk.com.tr\\\/wp-content\\\/uploads\\\/2025\\\/12\\\/cerez-kullanimi.webp\",\"width\":1920,\"height\":1280},{\"@type\":\"BreadcrumbList\",\"@id\":\"https:\\\/\\\/ggk.com.tr\\\/en\\\/cookie-policy\\\/#breadcrumb\",\"itemListElement\":[{\"@type\":\"ListItem\",\"position\":1,\"name\":\"Anasayfa\",\"item\":\"https:\\\/\\\/ggk.com.tr\\\/en\\\/\"},{\"@type\":\"ListItem\",\"position\":2,\"name\":\"Cookie Policy\"}]},{\"@type\":\"WebSite\",\"@id\":\"https:\\\/\\\/ggk.com.tr\\\/en\\\/#website\",\"url\":\"https:\\\/\\\/ggk.com.tr\\\/en\\\/\",\"name\":\"G\u0131da G\u00fcvenli\u011fi Kurulu\",\"description\":\"\",\"publisher\":{\"@id\":\"https:\\\/\\\/ggk.com.tr\\\/en\\\/#organization\"},\"potentialAction\":[{\"@type\":\"SearchAction\",\"target\":{\"@type\":\"EntryPoint\",\"urlTemplate\":\"https:\\\/\\\/ggk.com.tr\\\/en\\\/?s={search_term_string}\"},\"query-input\":{\"@type\":\"PropertyValueSpecification\",\"valueRequired\":true,\"valueName\":\"search_term_string\"}}],\"inLanguage\":\"en-US\"},{\"@type\":\"Organization\",\"@id\":\"https:\\\/\\\/ggk.com.tr\\\/en\\\/#organization\",\"name\":\"G\u0131da G\u00fcvenli\u011fi Kurulu\",\"url\":\"https:\\\/\\\/ggk.com.tr\\\/en\\\/\",\"logo\":{\"@type\":\"ImageObject\",\"inLanguage\":\"en-US\",\"@id\":\"https:\\\/\\\/ggk.com.tr\\\/en\\\/#\\\/schema\\\/logo\\\/image\\\/\",\"url\":\"https:\\\/\\\/ggk.com.tr\\\/wp-content\\\/uploads\\\/2025\\\/12\\\/logo.svg\",\"contentUrl\":\"https:\\\/\\\/ggk.com.tr\\\/wp-content\\\/uploads\\\/2025\\\/12\\\/logo.svg\",\"width\":271,\"height\":44,\"caption\":\"G\u0131da G\u00fcvenli\u011fi Kurulu\"},\"image\":{\"@id\":\"https:\\\/\\\/ggk.com.tr\\\/en\\\/#\\\/schema\\\/logo\\\/image\\\/\"}}]}<\/script>\n<!-- \/ Yoast SEO plugin. -->","yoast_head_json":{"title":"Cookie Policy - G\u0131da G\u00fcvenli\u011fi Kurulu","robots":{"index":"index","follow":"follow","max-snippet":"max-snippet:-1","max-image-preview":"max-image-preview:large","max-video-preview":"max-video-preview:-1"},"canonical":"https:\/\/ggk.com.tr\/en\/cookie-policy\/","og_locale":"en_US","og_type":"article","og_title":"Cookie Policy - G\u0131da G\u00fcvenli\u011fi Kurulu","og_description":"PURPOSE This Policy has been prepared to inform the website visitors about the cookies that can be used on our website. WHAT IS A COOKIE? A cookie is information stored on your computer by a website you visit. Cookies save your actions and preferred settings during your browser session or for your next visit to [&hellip;]","og_url":"https:\/\/ggk.com.tr\/en\/cookie-policy\/","og_site_name":"G\u0131da G\u00fcvenli\u011fi Kurulu","article_modified_time":"2026-01-02T14:49:08+00:00","og_image":[{"width":1920,"height":1280,"url":"https:\/\/ggk.com.tr\/wp-content\/uploads\/2025\/12\/cerez-kullanimi.webp","type":"image\/webp"}],"twitter_card":"summary_large_image","twitter_misc":{"Est. reading time":"3 minutes"},"schema":{"@context":"https:\/\/schema.org","@graph":[{"@type":"WebPage","@id":"https:\/\/ggk.com.tr\/en\/cookie-policy\/","url":"https:\/\/ggk.com.tr\/en\/cookie-policy\/","name":"Cookie Policy - G\u0131da G\u00fcvenli\u011fi Kurulu","isPartOf":{"@id":"https:\/\/ggk.com.tr\/en\/#website"},"primaryImageOfPage":{"@id":"https:\/\/ggk.com.tr\/en\/cookie-policy\/#primaryimage"},"image":{"@id":"https:\/\/ggk.com.tr\/en\/cookie-policy\/#primaryimage"},"thumbnailUrl":"https:\/\/ggk.com.tr\/wp-content\/uploads\/2025\/12\/cerez-kullanimi.webp","datePublished":"2025-12-14T13:09:25+00:00","dateModified":"2026-01-02T14:49:08+00:00","breadcrumb":{"@id":"https:\/\/ggk.com.tr\/en\/cookie-policy\/#breadcrumb"},"inLanguage":"en-US","potentialAction":[{"@type":"ReadAction","target":["https:\/\/ggk.com.tr\/en\/cookie-policy\/"]}]},{"@type":"ImageObject","inLanguage":"en-US","@id":"https:\/\/ggk.com.tr\/en\/cookie-policy\/#primaryimage","url":"https:\/\/ggk.com.tr\/wp-content\/uploads\/2025\/12\/cerez-kullanimi.webp","contentUrl":"https:\/\/ggk.com.tr\/wp-content\/uploads\/2025\/12\/cerez-kullanimi.webp","width":1920,"height":1280},{"@type":"BreadcrumbList","@id":"https:\/\/ggk.com.tr\/en\/cookie-policy\/#breadcrumb","itemListElement":[{"@type":"ListItem","position":1,"name":"Anasayfa","item":"https:\/\/ggk.com.tr\/en\/"},{"@type":"ListItem","position":2,"name":"Cookie Policy"}]},{"@type":"WebSite","@id":"https:\/\/ggk.com.tr\/en\/#website","url":"https:\/\/ggk.com.tr\/en\/","name":"G\u0131da G\u00fcvenli\u011fi Kurulu","description":"","publisher":{"@id":"https:\/\/ggk.com.tr\/en\/#organization"},"potentialAction":[{"@type":"SearchAction","target":{"@type":"EntryPoint","urlTemplate":"https:\/\/ggk.com.tr\/en\/?s={search_term_string}"},"query-input":{"@type":"PropertyValueSpecification","valueRequired":true,"valueName":"search_term_string"}}],"inLanguage":"en-US"},{"@type":"Organization","@id":"https:\/\/ggk.com.tr\/en\/#organization","name":"G\u0131da G\u00fcvenli\u011fi Kurulu","url":"https:\/\/ggk.com.tr\/en\/","logo":{"@type":"ImageObject","inLanguage":"en-US","@id":"https:\/\/ggk.com.tr\/en\/#\/schema\/logo\/image\/","url":"https:\/\/ggk.com.tr\/wp-content\/uploads\/2025\/12\/logo.svg","contentUrl":"https:\/\/ggk.com.tr\/wp-content\/uploads\/2025\/12\/logo.svg","width":271,"height":44,"caption":"G\u0131da G\u00fcvenli\u011fi Kurulu"},"image":{"@id":"https:\/\/ggk.com.tr\/en\/#\/schema\/logo\/image\/"}}]}},"jetpack_likes_enabled":false,"jetpack_sharing_enabled":false,"jetpack_shortlink":"https:\/\/wp.me\/PgXzKU-kR","_links":{"self":[{"href":"https:\/\/ggk.com.tr\/en\/wp-json\/wp\/v2\/pages\/1293","targetHints":{"allow":["GET"]}}],"collection":[{"href":"https:\/\/ggk.com.tr\/en\/wp-json\/wp\/v2\/pages"}],"about":[{"href":"https:\/\/ggk.com.tr\/en\/wp-json\/wp\/v2\/types\/page"}],"author":[{"embeddable":true,"href":"https:\/\/ggk.com.tr\/en\/wp-json\/wp\/v2\/users\/248008079"}],"replies":[{"embeddable":true,"href":"https:\/\/ggk.com.tr\/en\/wp-json\/wp\/v2\/comments?post=1293"}],"version-history":[{"count":11,"href":"https:\/\/ggk.com.tr\/en\/wp-json\/wp\/v2\/pages\/1293\/revisions"}],"predecessor-version":[{"id":2992,"href":"https:\/\/ggk.com.tr\/en\/wp-json\/wp\/v2\/pages\/1293\/revisions\/2992"}],"wp:featuredmedia":[{"embeddable":true,"href":"https:\/\/ggk.com.tr\/en\/wp-json\/wp\/v2\/media\/1294"}],"wp:attachment":[{"href":"https:\/\/ggk.com.tr\/en\/wp-json\/wp\/v2\/media?parent=1293"}],"curies":[{"name":"wp","href":"https:\/\/api.w.org\/{rel}","templated":true}]}}