{"id":1303,"date":"2025-12-11T15:47:59","date_gmt":"2025-12-11T12:47:59","guid":{"rendered":"https:\/\/ggk.com.tr\/etkinlikler\/denetimler\/"},"modified":"2026-03-24T17:13:04","modified_gmt":"2026-03-24T14:13:04","slug":"audits","status":"publish","type":"page","link":"https:\/\/ggk.com.tr\/en\/events\/audits\/","title":{"rendered":"Audits"},"content":{"rendered":"\t\t<div data-elementor-type=\"wp-page\" data-elementor-id=\"1303\" class=\"elementor elementor-1303 elementor-125\" data-elementor-post-type=\"page\">\n\t\t\t\t<div class=\"elementor-element elementor-element-a8163db e-flex e-con-boxed e-con e-parent\" data-id=\"a8163db\" data-element_type=\"container\" data-e-type=\"container\">\n\t\t\t\t\t<div class=\"e-con-inner\">\n\t\t<div class=\"elementor-element elementor-element-fccd082 e-con-full e-flex e-con e-child\" data-id=\"fccd082\" data-element_type=\"container\" data-e-type=\"container\">\n\t\t\t\t<div class=\"elementor-element elementor-element-41fcde2 elementor-widget elementor-widget-button\" data-id=\"41fcde2\" data-element_type=\"widget\" data-e-type=\"widget\" data-widget_type=\"button.default\">\n\t\t\t\t\t\t\t\t\t\t<a class=\"elementor-button elementor-button-link elementor-size-sm\" href=\"#auditByNumbers\">\n\t\t\t\t\t\t<span class=\"elementor-button-content-wrapper\">\n\t\t\t\t\t\t\t\t\t<span class=\"elementor-button-text\">Audit by Numbers<\/span>\n\t\t\t\t\t<\/span>\n\t\t\t\t\t<\/a>\n\t\t\t\t\t\t\t\t<\/div>\n\t\t\t\t<div class=\"elementor-element elementor-element-1592ed5 elementor-widget elementor-widget-button\" data-id=\"1592ed5\" data-element_type=\"widget\" data-e-type=\"widget\" data-widget_type=\"button.default\">\n\t\t\t\t\t\t\t\t\t\t<a class=\"elementor-button elementor-button-link elementor-size-sm\" href=\"#AuditStars\">\n\t\t\t\t\t\t<span class=\"elementor-button-content-wrapper\">\n\t\t\t\t\t\t\t\t\t<span class=\"elementor-button-text\">Audit Stars<\/span>\n\t\t\t\t\t<\/span>\n\t\t\t\t\t<\/a>\n\t\t\t\t\t\t\t\t<\/div>\n\t\t\t\t<\/div>\n\t\t\t\t\t<\/div>\n\t\t\t\t<\/div>\n\t\t<div class=\"elementor-element elementor-element-02925a0 e-flex e-con-boxed e-con e-parent\" data-id=\"02925a0\" data-element_type=\"container\" data-e-type=\"container\">\n\t\t\t\t\t<div class=\"e-con-inner\">\n\t\t\t\t<div class=\"elementor-element elementor-element-d165bf8 elementor-widget elementor-widget-text-editor\" data-id=\"d165bf8\" data-element_type=\"widget\" data-e-type=\"widget\" data-widget_type=\"text-editor.default\">\n\t\t\t\t\t\t\t\t\t<p>Y\u0131ld\u0131z Holding Food Safety Board carries out its audits in a manner that shall cover all our food factories globally within the scope of the Regulation prepared in compliance with the policies and strategies of the company and approved by the Chairman of the Board of Directors.<\/p><p>The purpose of these audits, which are carried out using standards and question lists prepared under the leadership of Y\u0131ld\u0131z Holding corporate principles and in accordance with international practices, is to ensure that the products we offer to our consumers meet the expectations and to ensure that our food companies progress to a certain standard and maintain organizational values.<\/p><p>We strive to make our many products\u2014which we cherish like the apple of our eye and which are our pride and joy\u2014even safer through extra precautions and inspections. These include our beloved Ece chocolates that we offer to our guests during holidays, our universally loved \u00dclker Chocolate Wafers, and the fresh-frozen vegetables delivered right to our homes.<\/p>\t\t\t\t\t\t\t\t<\/div>\n\t\t<div class=\"elementor-element elementor-element-a5e6431 e-con-full e-flex e-con e-child\" data-id=\"a5e6431\" data-element_type=\"container\" data-e-type=\"container\" id=\"auditByNumbers\">\n\t\t\t\t<\/div>\n\t\t<div class=\"elementor-element elementor-element-69f7b37 e-con-full e-flex e-con e-child\" data-id=\"69f7b37\" data-element_type=\"container\" data-e-type=\"container\">\n\t\t<div class=\"elementor-element elementor-element-75abef9 e-con-full e-flex e-con e-child\" data-id=\"75abef9\" data-element_type=\"container\" data-e-type=\"container\">\n\t\t\t\t<div class=\"elementor-element elementor-element-2f7dd86 elementor-widget-divider--view-line elementor-widget elementor-widget-divider\" data-id=\"2f7dd86\" data-element_type=\"widget\" data-e-type=\"widget\" data-widget_type=\"divider.default\">\n\t\t\t\t\t\t\t<div class=\"elementor-divider\">\n\t\t\t<span class=\"elementor-divider-separator\">\n\t\t\t\t\t\t<\/span>\n\t\t<\/div>\n\t\t\t\t\t\t<\/div>\n\t\t\t\t<\/div>\n\t\t<div class=\"elementor-element elementor-element-c804332 e-con-full e-flex e-con e-child\" data-id=\"c804332\" data-element_type=\"container\" data-e-type=\"container\">\n\t\t\t\t<div class=\"elementor-element elementor-element-97e98ee elementor-widget elementor-widget-heading\" data-id=\"97e98ee\" data-element_type=\"widget\" data-e-type=\"widget\" data-widget_type=\"heading.default\">\n\t\t\t\t\t<h2 class=\"elementor-heading-title elementor-size-default\">Audit by Numbers<\/h2>\t\t\t\t<\/div>\n\t\t\t\t<\/div>\n\t\t<div class=\"elementor-element elementor-element-8660d9b e-con-full e-flex e-con e-child\" data-id=\"8660d9b\" data-element_type=\"container\" data-e-type=\"container\">\n\t\t\t\t<div class=\"elementor-element elementor-element-b4938fa elementor-widget-divider--view-line elementor-widget elementor-widget-divider\" data-id=\"b4938fa\" data-element_type=\"widget\" data-e-type=\"widget\" data-widget_type=\"divider.default\">\n\t\t\t\t\t\t\t<div class=\"elementor-divider\">\n\t\t\t<span class=\"elementor-divider-separator\">\n\t\t\t\t\t\t<\/span>\n\t\t<\/div>\n\t\t\t\t\t\t<\/div>\n\t\t\t\t<\/div>\n\t\t\t\t<\/div>\n\t\t<div class=\"elementor-element elementor-element-2c624c7 e-con-full e-flex e-con e-child\" data-id=\"2c624c7\" data-element_type=\"container\" data-e-type=\"container\">\n\t\t\t\t<div class=\"elementor-element elementor-element-7bc3cfc elementor-widget-mobile__width-inherit elementor-widget elementor-widget-counter\" data-id=\"7bc3cfc\" data-element_type=\"widget\" data-e-type=\"widget\" data-widget_type=\"counter.default\">\n\t\t\t\t\t\t\t<div class=\"elementor-counter\">\n\t\t\t<div class=\"elementor-counter-title\">Y\u0131ld\u0131z Holding Food Factories<\/div>\t\t\t<div class=\"elementor-counter-number-wrapper\">\n\t\t\t\t<span class=\"elementor-counter-number-prefix\"><\/span>\n\t\t\t\t<span class=\"elementor-counter-number\" data-duration=\"2000\" data-to-value=\"34\" data-from-value=\"0\" data-delimiter=\",\">0<\/span>\n\t\t\t\t<span class=\"elementor-counter-number-suffix\"><\/span>\n\t\t\t<\/div>\n\t\t<\/div>\n\t\t\t\t\t\t<\/div>\n\t\t\t\t<div class=\"elementor-element elementor-element-e88aab7 elementor-widget-mobile__width-inherit elementor-widget elementor-widget-counter\" data-id=\"e88aab7\" data-element_type=\"widget\" data-e-type=\"widget\" data-widget_type=\"counter.default\">\n\t\t\t\t\t\t\t<div class=\"elementor-counter\">\n\t\t\t<div class=\"elementor-counter-title\">Annual Audit Days<\/div>\t\t\t<div class=\"elementor-counter-number-wrapper\">\n\t\t\t\t<span class=\"elementor-counter-number-prefix\"><\/span>\n\t\t\t\t<span class=\"elementor-counter-number\" data-duration=\"2000\" data-to-value=\"130\" data-from-value=\"0\" data-delimiter=\",\">0<\/span>\n\t\t\t\t<span class=\"elementor-counter-number-suffix\">+<\/span>\n\t\t\t<\/div>\n\t\t<\/div>\n\t\t\t\t\t\t<\/div>\n\t\t\t\t<div class=\"elementor-element elementor-element-d63c328 elementor-widget-mobile__width-inherit elementor-widget elementor-widget-counter\" data-id=\"d63c328\" data-element_type=\"widget\" data-e-type=\"widget\" data-widget_type=\"counter.default\">\n\t\t\t\t\t\t\t<div class=\"elementor-counter\">\n\t\t\t<div class=\"elementor-counter-title\">Countries<\/div>\t\t\t<div class=\"elementor-counter-number-wrapper\">\n\t\t\t\t<span class=\"elementor-counter-number-prefix\"><\/span>\n\t\t\t\t<span class=\"elementor-counter-number\" data-duration=\"2000\" data-to-value=\"11\" data-from-value=\"0\" data-delimiter=\",\">0<\/span>\n\t\t\t\t<span class=\"elementor-counter-number-suffix\"><\/span>\n\t\t\t<\/div>\n\t\t<\/div>\n\t\t\t\t\t\t<\/div>\n\t\t\t\t<\/div>\n\t\t\t\t<div class=\"elementor-element elementor-element-41a27af elementor-widget elementor-widget-heading\" data-id=\"41a27af\" data-element_type=\"widget\" data-e-type=\"widget\" data-widget_type=\"heading.default\">\n\t\t\t\t\t<h3 class=\"elementor-heading-title elementor-size-default\">Audit implementation principles<\/h3>\t\t\t\t<\/div>\n\t\t\t\t<div class=\"elementor-element elementor-element-7ce2c5d elementor-widget elementor-widget-text-editor\" data-id=\"7ce2c5d\" data-element_type=\"widget\" data-e-type=\"widget\" data-widget_type=\"text-editor.default\">\n\t\t\t\t\t\t\t\t\t<p>The audit team appointed by the Food Safety Board can access all facilities, auxiliary units, records, and documents of the food companies under the roof of Y\u0131ld\u0131z Holding.<\/p><p>The duration of the audits is determined by many variables, such as the size of the factory, the number of employees, and the number of production lines. At least 50% of this period is spent on-site, while in the remaining 50%, management systems and documents are evaluated.<\/p><p>The fact that the Food Safety Board audits are conducted unannounced, despite being internal, increases their effectiveness and contributes to the development of our companies. The organizational structure and authorities of our Board, approved by the Y\u0131ld\u0131z Holding Board of Directors, are designed to ensure it acts independently and takes action regarding sanctions on our food companies.<\/p><p>When an action plan is required from the factory as a result of the audit, this plan is prepared in accordance with our standards. This ensures that our products comply with local codex\/regulations and are safe for consumers.<br \/>Suppliers of the raw materials we use are audited by the central Quality Assurance teams and by third-party audit service firms agreed upon by our companies.<\/p>\t\t\t\t\t\t\t\t<\/div>\n\t\t<div class=\"elementor-element elementor-element-5077a6d e-con-full e-flex e-con e-child\" data-id=\"5077a6d\" data-element_type=\"container\" data-e-type=\"container\" id=\"AuditStars\">\n\t\t<div class=\"elementor-element elementor-element-3671143 e-con-full e-flex e-con e-child\" data-id=\"3671143\" data-element_type=\"container\" data-e-type=\"container\">\n\t\t\t\t<div class=\"elementor-element elementor-element-efbf3d1 elementor-widget-divider--view-line elementor-widget elementor-widget-divider\" data-id=\"efbf3d1\" data-element_type=\"widget\" data-e-type=\"widget\" data-widget_type=\"divider.default\">\n\t\t\t\t\t\t\t<div class=\"elementor-divider\">\n\t\t\t<span class=\"elementor-divider-separator\">\n\t\t\t\t\t\t<\/span>\n\t\t<\/div>\n\t\t\t\t\t\t<\/div>\n\t\t\t\t<\/div>\n\t\t<div class=\"elementor-element elementor-element-71eb815 e-con-full e-flex e-con e-child\" data-id=\"71eb815\" data-element_type=\"container\" data-e-type=\"container\">\n\t\t\t\t<div class=\"elementor-element elementor-element-baa2e64 elementor-widget elementor-widget-heading\" data-id=\"baa2e64\" data-element_type=\"widget\" data-e-type=\"widget\" data-widget_type=\"heading.default\">\n\t\t\t\t\t<h2 class=\"elementor-heading-title elementor-size-default\">Audit Stars \u2013 Second Half of 2025<\/h2>\t\t\t\t<\/div>\n\t\t\t\t<\/div>\n\t\t<div class=\"elementor-element elementor-element-5cafeb2 e-con-full e-flex e-con e-child\" data-id=\"5cafeb2\" data-element_type=\"container\" data-e-type=\"container\">\n\t\t\t\t<div class=\"elementor-element elementor-element-d9c6227 elementor-widget-divider--view-line elementor-widget elementor-widget-divider\" data-id=\"d9c6227\" data-element_type=\"widget\" data-e-type=\"widget\" data-widget_type=\"divider.default\">\n\t\t\t\t\t\t\t<div class=\"elementor-divider\">\n\t\t\t<span class=\"elementor-divider-separator\">\n\t\t\t\t\t\t<\/span>\n\t\t<\/div>\n\t\t\t\t\t\t<\/div>\n\t\t\t\t<\/div>\n\t\t\t\t<\/div>\n\t\t\t\t<div class=\"elementor-element elementor-element-cc360e9 elementor-widget elementor-widget-text-editor\" data-id=\"cc360e9\" data-element_type=\"widget\" data-e-type=\"widget\" data-widget_type=\"text-editor.default\">\n\t\t\t\t\t\t\t\t\t<p><em>Click to View Certificates<\/em><\/p><ul><li><a href=\"https:\/\/ggk.com.tr\/wp-content\/uploads\/2026\/03\/FMC-Jeddah-CFSS.jpeg\">pladis FMC, Jeddah, KSA &#8211; (Consumer Food Sensitivity Standards)<\/a><\/li><li><a href=\"https:\/\/ggk.com.tr\/wp-content\/uploads\/2026\/03\/IMC-Riyadh-CFSS.jpeg\">pladis IMC, Riyadh, KSA &#8211; (Consumer Food Sensitivity Standards)<\/a><\/li><li><a href=\"https:\/\/ggk.com.tr\/wp-content\/uploads\/2026\/03\/Ulker-Gebze-GGS.jpeg\">\u00dclker Bisk\u00fcvi Sanayi A.\u015e, Gebze &#8211; (Food Safety &amp; Defense)<\/a><\/li><li><a href=\"https:\/\/ggk.com.tr\/wp-content\/uploads\/2026\/03\/Ulker-Gebze-THS.jpeg\">\u00dclker Bisk\u00fcvi Sanayi A.\u015e, Gebze &#8211; (Consumer Food Sensitivity Standards)<\/a><\/li><li><a href=\"https:\/\/ggk.com.tr\/wp-content\/uploads\/2026\/03\/Marsa-Adana-THS.jpeg\">Marsa Ya\u011f San. Ve Tic. A. \u015e., Adana &#8211; (Consumer Food Sensitivity Standards)<\/a><\/li><li><a href=\"https:\/\/ggk.com.tr\/wp-content\/uploads\/2026\/03\/Besler-Bursa-THS.jpeg\">Besler G\u0131da ve Kimya San. Tic. A.\u015e., Bursa &#8211; (Consumer Food Sensitivity Standards)<\/a><\/li><li><a href=\"https:\/\/ggk.com.tr\/wp-content\/uploads\/2026\/03\/CCC-THS.jpeg\">CCC \u00c7orlu, Tekirda\u011f &#8211; (Consumer Food Sensitivity Standards)<\/a><\/li><li><a href=\"https:\/\/ggk.com.tr\/wp-content\/uploads\/2026\/03\/Nigeria-CFSS.jpeg\">pladis Lagos, Nigeria &#8211; (Consumer Food Sensitivity Standards)<\/a><\/li><\/ul>\t\t\t\t\t\t\t\t<\/div>\n\t\t\t\t\t<\/div>\n\t\t\t\t<\/div>\n\t\t<div class=\"elementor-element elementor-element-2ae476d e-flex e-con-boxed e-con e-parent\" data-id=\"2ae476d\" data-element_type=\"container\" data-e-type=\"container\">\n\t\t\t\t\t<div class=\"e-con-inner\">\n\t\t\t\t\t<\/div>\n\t\t\t\t<\/div>\n\t\t\t\t<\/div>\n\t\t","protected":false},"excerpt":{"rendered":"<p>Audit by Numbers Audit Stars Y\u0131ld\u0131z Holding Food Safety Board carries out its audits in a manner that shall cover all our food factories globally within the scope of the Regulation prepared in compliance with the policies and strategies of the company and approved by the Chairman of the Board of Directors. The purpose of [&hellip;]<\/p>\n","protected":false},"author":248008079,"featured_media":1304,"parent":1301,"menu_order":0,"comment_status":"closed","ping_status":"closed","template":"","meta":{"jetpack_post_was_ever_published":false,"footnotes":""},"class_list":["post-1303","page","type-page","status-publish","has-post-thumbnail","hentry"],"yoast_head":"<!-- This site is optimized with the Yoast SEO plugin v27.3 - https:\/\/yoast.com\/product\/yoast-seo-wordpress\/ -->\n<title>Audits - G\u0131da G\u00fcvenli\u011fi Kurulu<\/title>\n<meta name=\"robots\" content=\"index, follow, max-snippet:-1, max-image-preview:large, max-video-preview:-1\" \/>\n<link rel=\"canonical\" href=\"https:\/\/ggk.com.tr\/etkinlikler\/denetimler\/\" \/>\n<meta property=\"og:locale\" content=\"en_US\" \/>\n<meta property=\"og:type\" content=\"article\" \/>\n<meta property=\"og:title\" content=\"Audits - G\u0131da G\u00fcvenli\u011fi Kurulu\" \/>\n<meta property=\"og:description\" content=\"Audit by Numbers Audit Stars Y\u0131ld\u0131z Holding Food Safety Board carries out its audits in a manner that shall cover all our food factories globally within the scope of the Regulation prepared in compliance with the policies and strategies of the company and approved by the Chairman of the Board of Directors. The purpose of [&hellip;]\" \/>\n<meta property=\"og:url\" content=\"https:\/\/ggk.com.tr\/etkinlikler\/denetimler\/\" \/>\n<meta property=\"og:site_name\" content=\"G\u0131da G\u00fcvenli\u011fi Kurulu\" \/>\n<meta property=\"article:modified_time\" content=\"2026-03-24T14:13:04+00:00\" \/>\n<meta property=\"og:image\" content=\"https:\/\/ggk.com.tr\/wp-content\/uploads\/2025\/12\/denetimler.webp\" \/>\n\t<meta property=\"og:image:width\" content=\"2237\" \/>\n\t<meta property=\"og:image:height\" content=\"849\" \/>\n\t<meta property=\"og:image:type\" content=\"image\/webp\" \/>\n<meta name=\"twitter:card\" content=\"summary_large_image\" \/>\n<meta name=\"twitter:label1\" content=\"Est. reading time\" \/>\n\t<meta name=\"twitter:data1\" content=\"3 minutes\" \/>\n<script type=\"application\/ld+json\" class=\"yoast-schema-graph\">{\"@context\":\"https:\\\/\\\/schema.org\",\"@graph\":[{\"@type\":\"WebPage\",\"@id\":\"https:\\\/\\\/ggk.com.tr\\\/etkinlikler\\\/denetimler\\\/\",\"url\":\"https:\\\/\\\/ggk.com.tr\\\/etkinlikler\\\/denetimler\\\/\",\"name\":\"Audits - G\u0131da G\u00fcvenli\u011fi Kurulu\",\"isPartOf\":{\"@id\":\"https:\\\/\\\/ggk.com.tr\\\/en\\\/#website\"},\"primaryImageOfPage\":{\"@id\":\"https:\\\/\\\/ggk.com.tr\\\/etkinlikler\\\/denetimler\\\/#primaryimage\"},\"image\":{\"@id\":\"https:\\\/\\\/ggk.com.tr\\\/etkinlikler\\\/denetimler\\\/#primaryimage\"},\"thumbnailUrl\":\"https:\\\/\\\/ggk.com.tr\\\/wp-content\\\/uploads\\\/2025\\\/12\\\/denetimler.webp\",\"datePublished\":\"2025-12-11T12:47:59+00:00\",\"dateModified\":\"2026-03-24T14:13:04+00:00\",\"breadcrumb\":{\"@id\":\"https:\\\/\\\/ggk.com.tr\\\/etkinlikler\\\/denetimler\\\/#breadcrumb\"},\"inLanguage\":\"en-US\",\"potentialAction\":[{\"@type\":\"ReadAction\",\"target\":[\"https:\\\/\\\/ggk.com.tr\\\/etkinlikler\\\/denetimler\\\/\"]}]},{\"@type\":\"ImageObject\",\"inLanguage\":\"en-US\",\"@id\":\"https:\\\/\\\/ggk.com.tr\\\/etkinlikler\\\/denetimler\\\/#primaryimage\",\"url\":\"https:\\\/\\\/ggk.com.tr\\\/wp-content\\\/uploads\\\/2025\\\/12\\\/denetimler.webp\",\"contentUrl\":\"https:\\\/\\\/ggk.com.tr\\\/wp-content\\\/uploads\\\/2025\\\/12\\\/denetimler.webp\",\"width\":2237,\"height\":849},{\"@type\":\"BreadcrumbList\",\"@id\":\"https:\\\/\\\/ggk.com.tr\\\/etkinlikler\\\/denetimler\\\/#breadcrumb\",\"itemListElement\":[{\"@type\":\"ListItem\",\"position\":1,\"name\":\"Anasayfa\",\"item\":\"https:\\\/\\\/ggk.com.tr\\\/en\\\/\"},{\"@type\":\"ListItem\",\"position\":2,\"name\":\"Activities\",\"item\":\"https:\\\/\\\/ggk.com.tr\\\/en\\\/events\\\/\"},{\"@type\":\"ListItem\",\"position\":3,\"name\":\"Audits\"}]},{\"@type\":\"WebSite\",\"@id\":\"https:\\\/\\\/ggk.com.tr\\\/en\\\/#website\",\"url\":\"https:\\\/\\\/ggk.com.tr\\\/en\\\/\",\"name\":\"G\u0131da G\u00fcvenli\u011fi Kurulu\",\"description\":\"\",\"publisher\":{\"@id\":\"https:\\\/\\\/ggk.com.tr\\\/en\\\/#organization\"},\"potentialAction\":[{\"@type\":\"SearchAction\",\"target\":{\"@type\":\"EntryPoint\",\"urlTemplate\":\"https:\\\/\\\/ggk.com.tr\\\/en\\\/?s={search_term_string}\"},\"query-input\":{\"@type\":\"PropertyValueSpecification\",\"valueRequired\":true,\"valueName\":\"search_term_string\"}}],\"inLanguage\":\"en-US\"},{\"@type\":\"Organization\",\"@id\":\"https:\\\/\\\/ggk.com.tr\\\/en\\\/#organization\",\"name\":\"G\u0131da G\u00fcvenli\u011fi Kurulu\",\"url\":\"https:\\\/\\\/ggk.com.tr\\\/en\\\/\",\"logo\":{\"@type\":\"ImageObject\",\"inLanguage\":\"en-US\",\"@id\":\"https:\\\/\\\/ggk.com.tr\\\/en\\\/#\\\/schema\\\/logo\\\/image\\\/\",\"url\":\"https:\\\/\\\/ggk.com.tr\\\/wp-content\\\/uploads\\\/2025\\\/12\\\/logo.svg\",\"contentUrl\":\"https:\\\/\\\/ggk.com.tr\\\/wp-content\\\/uploads\\\/2025\\\/12\\\/logo.svg\",\"width\":271,\"height\":44,\"caption\":\"G\u0131da G\u00fcvenli\u011fi Kurulu\"},\"image\":{\"@id\":\"https:\\\/\\\/ggk.com.tr\\\/en\\\/#\\\/schema\\\/logo\\\/image\\\/\"}}]}<\/script>\n<!-- \/ Yoast SEO plugin. -->","yoast_head_json":{"title":"Audits - G\u0131da G\u00fcvenli\u011fi Kurulu","robots":{"index":"index","follow":"follow","max-snippet":"max-snippet:-1","max-image-preview":"max-image-preview:large","max-video-preview":"max-video-preview:-1"},"canonical":"https:\/\/ggk.com.tr\/etkinlikler\/denetimler\/","og_locale":"en_US","og_type":"article","og_title":"Audits - G\u0131da G\u00fcvenli\u011fi Kurulu","og_description":"Audit by Numbers Audit Stars Y\u0131ld\u0131z Holding Food Safety Board carries out its audits in a manner that shall cover all our food factories globally within the scope of the Regulation prepared in compliance with the policies and strategies of the company and approved by the Chairman of the Board of Directors. The purpose of [&hellip;]","og_url":"https:\/\/ggk.com.tr\/etkinlikler\/denetimler\/","og_site_name":"G\u0131da G\u00fcvenli\u011fi Kurulu","article_modified_time":"2026-03-24T14:13:04+00:00","og_image":[{"width":2237,"height":849,"url":"https:\/\/ggk.com.tr\/wp-content\/uploads\/2025\/12\/denetimler.webp","type":"image\/webp"}],"twitter_card":"summary_large_image","twitter_misc":{"Est. reading time":"3 minutes"},"schema":{"@context":"https:\/\/schema.org","@graph":[{"@type":"WebPage","@id":"https:\/\/ggk.com.tr\/etkinlikler\/denetimler\/","url":"https:\/\/ggk.com.tr\/etkinlikler\/denetimler\/","name":"Audits - G\u0131da G\u00fcvenli\u011fi Kurulu","isPartOf":{"@id":"https:\/\/ggk.com.tr\/en\/#website"},"primaryImageOfPage":{"@id":"https:\/\/ggk.com.tr\/etkinlikler\/denetimler\/#primaryimage"},"image":{"@id":"https:\/\/ggk.com.tr\/etkinlikler\/denetimler\/#primaryimage"},"thumbnailUrl":"https:\/\/ggk.com.tr\/wp-content\/uploads\/2025\/12\/denetimler.webp","datePublished":"2025-12-11T12:47:59+00:00","dateModified":"2026-03-24T14:13:04+00:00","breadcrumb":{"@id":"https:\/\/ggk.com.tr\/etkinlikler\/denetimler\/#breadcrumb"},"inLanguage":"en-US","potentialAction":[{"@type":"ReadAction","target":["https:\/\/ggk.com.tr\/etkinlikler\/denetimler\/"]}]},{"@type":"ImageObject","inLanguage":"en-US","@id":"https:\/\/ggk.com.tr\/etkinlikler\/denetimler\/#primaryimage","url":"https:\/\/ggk.com.tr\/wp-content\/uploads\/2025\/12\/denetimler.webp","contentUrl":"https:\/\/ggk.com.tr\/wp-content\/uploads\/2025\/12\/denetimler.webp","width":2237,"height":849},{"@type":"BreadcrumbList","@id":"https:\/\/ggk.com.tr\/etkinlikler\/denetimler\/#breadcrumb","itemListElement":[{"@type":"ListItem","position":1,"name":"Anasayfa","item":"https:\/\/ggk.com.tr\/en\/"},{"@type":"ListItem","position":2,"name":"Activities","item":"https:\/\/ggk.com.tr\/en\/events\/"},{"@type":"ListItem","position":3,"name":"Audits"}]},{"@type":"WebSite","@id":"https:\/\/ggk.com.tr\/en\/#website","url":"https:\/\/ggk.com.tr\/en\/","name":"G\u0131da G\u00fcvenli\u011fi Kurulu","description":"","publisher":{"@id":"https:\/\/ggk.com.tr\/en\/#organization"},"potentialAction":[{"@type":"SearchAction","target":{"@type":"EntryPoint","urlTemplate":"https:\/\/ggk.com.tr\/en\/?s={search_term_string}"},"query-input":{"@type":"PropertyValueSpecification","valueRequired":true,"valueName":"search_term_string"}}],"inLanguage":"en-US"},{"@type":"Organization","@id":"https:\/\/ggk.com.tr\/en\/#organization","name":"G\u0131da G\u00fcvenli\u011fi Kurulu","url":"https:\/\/ggk.com.tr\/en\/","logo":{"@type":"ImageObject","inLanguage":"en-US","@id":"https:\/\/ggk.com.tr\/en\/#\/schema\/logo\/image\/","url":"https:\/\/ggk.com.tr\/wp-content\/uploads\/2025\/12\/logo.svg","contentUrl":"https:\/\/ggk.com.tr\/wp-content\/uploads\/2025\/12\/logo.svg","width":271,"height":44,"caption":"G\u0131da G\u00fcvenli\u011fi Kurulu"},"image":{"@id":"https:\/\/ggk.com.tr\/en\/#\/schema\/logo\/image\/"}}]}},"jetpack_likes_enabled":false,"jetpack_sharing_enabled":false,"jetpack_shortlink":"https:\/\/wp.me\/PgXzKU-l1","_links":{"self":[{"href":"https:\/\/ggk.com.tr\/en\/wp-json\/wp\/v2\/pages\/1303","targetHints":{"allow":["GET"]}}],"collection":[{"href":"https:\/\/ggk.com.tr\/en\/wp-json\/wp\/v2\/pages"}],"about":[{"href":"https:\/\/ggk.com.tr\/en\/wp-json\/wp\/v2\/types\/page"}],"author":[{"embeddable":true,"href":"https:\/\/ggk.com.tr\/en\/wp-json\/wp\/v2\/users\/248008079"}],"replies":[{"embeddable":true,"href":"https:\/\/ggk.com.tr\/en\/wp-json\/wp\/v2\/comments?post=1303"}],"version-history":[{"count":32,"href":"https:\/\/ggk.com.tr\/en\/wp-json\/wp\/v2\/pages\/1303\/revisions"}],"predecessor-version":[{"id":3277,"href":"https:\/\/ggk.com.tr\/en\/wp-json\/wp\/v2\/pages\/1303\/revisions\/3277"}],"up":[{"embeddable":true,"href":"https:\/\/ggk.com.tr\/en\/wp-json\/wp\/v2\/pages\/1301"}],"wp:featuredmedia":[{"embeddable":true,"href":"https:\/\/ggk.com.tr\/en\/wp-json\/wp\/v2\/media\/1304"}],"wp:attachment":[{"href":"https:\/\/ggk.com.tr\/en\/wp-json\/wp\/v2\/media?parent=1303"}],"curies":[{"name":"wp","href":"https:\/\/api.w.org\/{rel}","templated":true}]}}