{"id":1484,"date":"2025-12-16T10:42:50","date_gmt":"2025-12-16T07:42:50","guid":{"rendered":"https:\/\/ggk.com.tr\/about-us\/board-members\/avibrahimtaskin\/"},"modified":"2026-01-02T15:44:18","modified_gmt":"2026-01-02T12:44:18","slug":"avibrahimtaskin","status":"publish","type":"page","link":"https:\/\/ggk.com.tr\/en\/about-us\/board-members\/avibrahimtaskin\/","title":{"rendered":"Av. \u0130brahim Ta\u015fk\u0131n"},"content":{"rendered":"\t\t<div data-elementor-type=\"wp-page\" data-elementor-id=\"1484\" class=\"elementor elementor-1484 elementor-1015\" data-elementor-post-type=\"page\">\n\t\t\t\t<div class=\"elementor-element elementor-element-f6a8fe1 e-flex e-con-boxed e-con e-parent\" data-id=\"f6a8fe1\" data-element_type=\"container\" data-e-type=\"container\">\n\t\t\t\t\t<div class=\"e-con-inner\">\n\t\t<div class=\"elementor-element elementor-element-bbf6062 e-con-full e-flex e-con e-child\" data-id=\"bbf6062\" data-element_type=\"container\" data-e-type=\"container\">\n\t\t\t\t<div class=\"elementor-element elementor-element-9dd6b07 elementor-widget elementor-widget-heading\" data-id=\"9dd6b07\" data-element_type=\"widget\" data-e-type=\"widget\" data-widget_type=\"heading.default\">\n\t\t\t\t\t<h2 class=\"elementor-heading-title elementor-size-default\">Av. \u0130brahim Ta\u015fk\u0131n<\/h2>\t\t\t\t<\/div>\n\t\t\t\t<div class=\"elementor-element elementor-element-892dea2 elementor-widget elementor-widget-text-editor\" data-id=\"892dea2\" data-element_type=\"widget\" data-e-type=\"widget\" data-widget_type=\"text-editor.default\">\n\t\t\t\t\t\t\t\t\tPresident of the Food Safety Board\n\t\t\t\t\t\t\t\t<\/div>\n\t\t\t\t<\/div>\n\t\t<div class=\"elementor-element elementor-element-c260ded e-con-full e-flex e-con e-child\" data-id=\"c260ded\" data-element_type=\"container\" data-e-type=\"container\">\n\t\t\t\t<div class=\"elementor-element elementor-element-c7b1f0c elementor-widget elementor-widget-image\" data-id=\"c7b1f0c\" data-element_type=\"widget\" data-e-type=\"widget\" data-widget_type=\"image.default\">\n\t\t\t\t\t\t\t\t\t\t\t\t\t\t\t<img fetchpriority=\"high\" decoding=\"async\" data-attachment-id=\"1485\" data-permalink=\"https:\/\/ggk.com.tr\/en\/about-us\/board-members\/attachment\/avibrahimtaskin3-1-2\/\" data-orig-file=\"https:\/\/ggk.com.tr\/wp-content\/uploads\/2025\/12\/avibrahimtaskin3-1.webp\" data-orig-size=\"640,450\" data-comments-opened=\"1\" data-image-meta=\"{&quot;aperture&quot;:&quot;0&quot;,&quot;credit&quot;:&quot;&quot;,&quot;camera&quot;:&quot;&quot;,&quot;caption&quot;:&quot;&quot;,&quot;created_timestamp&quot;:&quot;0&quot;,&quot;copyright&quot;:&quot;&quot;,&quot;focal_length&quot;:&quot;0&quot;,&quot;iso&quot;:&quot;0&quot;,&quot;shutter_speed&quot;:&quot;0&quot;,&quot;title&quot;:&quot;&quot;,&quot;orientation&quot;:&quot;0&quot;}\" data-image-title=\"avibrahimtaskin3 (1)\" data-image-description=\"\" data-image-caption=\"\" data-large-file=\"https:\/\/ggk.com.tr\/wp-content\/uploads\/2025\/12\/avibrahimtaskin3-1.webp\" width=\"640\" height=\"450\" src=\"https:\/\/ggk.com.tr\/wp-content\/uploads\/2025\/12\/avibrahimtaskin3-1.webp\" class=\"attachment-large size-large wp-image-1485\" alt=\"\" srcset=\"https:\/\/ggk.com.tr\/wp-content\/uploads\/2025\/12\/avibrahimtaskin3-1.webp 640w, https:\/\/ggk.com.tr\/wp-content\/uploads\/2025\/12\/avibrahimtaskin3-1-300x211.webp 300w\" sizes=\"(max-width: 640px) 100vw, 640px\" data-attachment-id=\"1485\" data-permalink=\"https:\/\/ggk.com.tr\/en\/about-us\/board-members\/attachment\/avibrahimtaskin3-1-2\/\" data-orig-file=\"https:\/\/ggk.com.tr\/wp-content\/uploads\/2025\/12\/avibrahimtaskin3-1.webp\" data-orig-size=\"640,450\" data-comments-opened=\"1\" data-image-meta=\"{&quot;aperture&quot;:&quot;0&quot;,&quot;credit&quot;:&quot;&quot;,&quot;camera&quot;:&quot;&quot;,&quot;caption&quot;:&quot;&quot;,&quot;created_timestamp&quot;:&quot;0&quot;,&quot;copyright&quot;:&quot;&quot;,&quot;focal_length&quot;:&quot;0&quot;,&quot;iso&quot;:&quot;0&quot;,&quot;shutter_speed&quot;:&quot;0&quot;,&quot;title&quot;:&quot;&quot;,&quot;orientation&quot;:&quot;0&quot;}\" data-image-title=\"avibrahimtaskin3 (1)\" data-image-description=\"\" data-image-caption=\"\" data-large-file=\"https:\/\/ggk.com.tr\/wp-content\/uploads\/2025\/12\/avibrahimtaskin3-1.webp\" \/>\t\t\t\t\t\t\t\t\t\t\t\t\t\t\t<\/div>\n\t\t\t\t<\/div>\n\t\t\t\t\t<\/div>\n\t\t\t\t<\/div>\n\t\t<div class=\"elementor-element elementor-element-11d4c91 e-flex e-con-boxed e-con e-parent\" data-id=\"11d4c91\" data-element_type=\"container\" data-e-type=\"container\">\n\t\t\t\t\t<div class=\"e-con-inner\">\n\t\t\t\t<div class=\"elementor-element elementor-element-4cf9965 elementor-widget elementor-widget-text-editor\" data-id=\"4cf9965\" data-element_type=\"widget\" data-e-type=\"widget\" data-widget_type=\"text-editor.default\">\n\t\t\t\t\t\t\t\t\t<p>Born in 1963, \u0130brahim Ta\u015fk\u0131n had his elementary school education in Trabzon and Artvin, completed high school in \u0130stanbul, then graduated from \u0130stanbul University Faculty of Law in 1986.<\/p><p>Called to the \u0130stanbul Bar, Mr. Ta\u015fk\u0131n started his career in 1989 as a self-employed lawyer and completed his 30th year in the profession as of 2019. Also giving academic lectures since 1990, he taught Constitutional Law, Criminal Law, Law of Criminal Procedure, Disciplinary Law, and Police Force Legislation at Florya Police Training Center of the Turkish National Police. In addition to professional experience, he assumed senior-level responsibilities in politics between 1996-2004.<\/p><p>Attaching importance to the NGOs as well as his legal and academic career, \u0130brahim Ta\u015fk\u0131n took part in a number of NGOs either as a founder or manager. The foundations and associations he contributed as a founder include \u201cSabri \u00dclker Food Research Foundation\u201d, \u201cConsumer and Environment Education Foundation\u201d, \u201cFoundation for the Expansion of Knowledge\u201d, and \u201c\u00dclker Members Association\u201d.<\/p><p>Acting as a Board Member in many Group companies in addition to Y\u0131ld\u0131z Holding Board Membership, \u0130brahim Ta\u015fk\u0131n is also a Council Member at \u0130stanbul Chamber of Industry, a delegate at the Union of Chambers and Commodity Exchanges of Turkey, and a member of Independent Industrialists and Businessmen Association.<\/p><p>Having joined Y\u0131ld\u0131z Holding in 2004, \u0130brahim Ta\u015fk\u0131n assumed the responsibilities of Legal Advisor and then General Manager of Legal Affairs before his appointment as Global Head of Legal Affairs in 2016. Mr. Ta\u015fk\u0131n is also the chairman of the Group\u2019s global Ethics and Integrity Board, Food Safety Board, Regulations and Corporate Transactions. \u0130brahim Ta\u015fk\u0131n is also responsible for coordinating the Holding\u2019s relations with public institutions, NGOs, and universities. Mr. Ta\u015fk\u0131n has a good command of English. He is married with 4 children.<\/p>\t\t\t\t\t\t\t\t<\/div>\n\t\t\t\t\t<\/div>\n\t\t\t\t<\/div>\n\t\t\t\t<\/div>\n\t\t","protected":false},"excerpt":{"rendered":"<p>Av. \u0130brahim Ta\u015fk\u0131n President of the Food Safety Board Born in 1963, \u0130brahim Ta\u015fk\u0131n had his elementary school education in Trabzon and Artvin, completed high school in \u0130stanbul, then graduated from \u0130stanbul University Faculty of Law in 1986. Called to the \u0130stanbul Bar, Mr. Ta\u015fk\u0131n started his career in 1989 as a self-employed lawyer and [&hellip;]<\/p>\n","protected":false},"author":248008079,"featured_media":0,"parent":1475,"menu_order":0,"comment_status":"closed","ping_status":"closed","template":"","meta":{"jetpack_post_was_ever_published":false,"footnotes":""},"class_list":["post-1484","page","type-page","status-publish","hentry"],"yoast_head":"<!-- This site is optimized with the Yoast SEO plugin v27.3 - https:\/\/yoast.com\/product\/yoast-seo-wordpress\/ -->\n<title>Av. \u0130brahim Ta\u015fk\u0131n - G\u0131da G\u00fcvenli\u011fi Kurulu<\/title>\n<meta name=\"robots\" content=\"index, follow, max-snippet:-1, max-image-preview:large, max-video-preview:-1\" \/>\n<link rel=\"canonical\" href=\"https:\/\/ggk.com.tr\/en\/about-us\/board-members\/avibrahimtaskin\/\" \/>\n<meta property=\"og:locale\" content=\"en_US\" \/>\n<meta property=\"og:type\" content=\"article\" \/>\n<meta property=\"og:title\" content=\"Av. \u0130brahim Ta\u015fk\u0131n - G\u0131da G\u00fcvenli\u011fi Kurulu\" \/>\n<meta property=\"og:description\" content=\"Av. \u0130brahim Ta\u015fk\u0131n President of the Food Safety Board Born in 1963, \u0130brahim Ta\u015fk\u0131n had his elementary school education in Trabzon and Artvin, completed high school in \u0130stanbul, then graduated from \u0130stanbul University Faculty of Law in 1986. Called to the \u0130stanbul Bar, Mr. Ta\u015fk\u0131n started his career in 1989 as a self-employed lawyer and [&hellip;]\" \/>\n<meta property=\"og:url\" content=\"https:\/\/ggk.com.tr\/en\/about-us\/board-members\/avibrahimtaskin\/\" \/>\n<meta property=\"og:site_name\" content=\"G\u0131da G\u00fcvenli\u011fi Kurulu\" \/>\n<meta property=\"article:modified_time\" content=\"2026-01-02T12:44:18+00:00\" \/>\n<meta property=\"og:image\" content=\"https:\/\/ggk.com.tr\/wp-content\/uploads\/2025\/12\/avibrahimtaskin3-1.webp\" \/>\n\t<meta property=\"og:image:width\" content=\"640\" \/>\n\t<meta property=\"og:image:height\" content=\"450\" \/>\n\t<meta property=\"og:image:type\" content=\"image\/webp\" \/>\n<meta name=\"twitter:card\" content=\"summary_large_image\" \/>\n<meta name=\"twitter:label1\" content=\"Est. reading time\" \/>\n\t<meta name=\"twitter:data1\" content=\"2 minutes\" \/>\n<script type=\"application\/ld+json\" class=\"yoast-schema-graph\">{\"@context\":\"https:\\\/\\\/schema.org\",\"@graph\":[{\"@type\":\"WebPage\",\"@id\":\"https:\\\/\\\/ggk.com.tr\\\/en\\\/about-us\\\/board-members\\\/avibrahimtaskin\\\/\",\"url\":\"https:\\\/\\\/ggk.com.tr\\\/en\\\/about-us\\\/board-members\\\/avibrahimtaskin\\\/\",\"name\":\"Av. \u0130brahim Ta\u015fk\u0131n - G\u0131da G\u00fcvenli\u011fi Kurulu\",\"isPartOf\":{\"@id\":\"https:\\\/\\\/ggk.com.tr\\\/en\\\/#website\"},\"primaryImageOfPage\":{\"@id\":\"https:\\\/\\\/ggk.com.tr\\\/en\\\/about-us\\\/board-members\\\/avibrahimtaskin\\\/#primaryimage\"},\"image\":{\"@id\":\"https:\\\/\\\/ggk.com.tr\\\/en\\\/about-us\\\/board-members\\\/avibrahimtaskin\\\/#primaryimage\"},\"thumbnailUrl\":\"https:\\\/\\\/ggk.com.tr\\\/wp-content\\\/uploads\\\/2025\\\/12\\\/avibrahimtaskin3-1.webp\",\"datePublished\":\"2025-12-16T07:42:50+00:00\",\"dateModified\":\"2026-01-02T12:44:18+00:00\",\"breadcrumb\":{\"@id\":\"https:\\\/\\\/ggk.com.tr\\\/en\\\/about-us\\\/board-members\\\/avibrahimtaskin\\\/#breadcrumb\"},\"inLanguage\":\"en-US\",\"potentialAction\":[{\"@type\":\"ReadAction\",\"target\":[\"https:\\\/\\\/ggk.com.tr\\\/en\\\/about-us\\\/board-members\\\/avibrahimtaskin\\\/\"]}]},{\"@type\":\"ImageObject\",\"inLanguage\":\"en-US\",\"@id\":\"https:\\\/\\\/ggk.com.tr\\\/en\\\/about-us\\\/board-members\\\/avibrahimtaskin\\\/#primaryimage\",\"url\":\"https:\\\/\\\/ggk.com.tr\\\/wp-content\\\/uploads\\\/2025\\\/12\\\/avibrahimtaskin3-1.webp\",\"contentUrl\":\"https:\\\/\\\/ggk.com.tr\\\/wp-content\\\/uploads\\\/2025\\\/12\\\/avibrahimtaskin3-1.webp\"},{\"@type\":\"BreadcrumbList\",\"@id\":\"https:\\\/\\\/ggk.com.tr\\\/en\\\/about-us\\\/board-members\\\/avibrahimtaskin\\\/#breadcrumb\",\"itemListElement\":[{\"@type\":\"ListItem\",\"position\":1,\"name\":\"Anasayfa\",\"item\":\"https:\\\/\\\/ggk.com.tr\\\/en\\\/\"},{\"@type\":\"ListItem\",\"position\":2,\"name\":\"About Us\",\"item\":\"https:\\\/\\\/ggk.com.tr\\\/en\\\/about-us\\\/\"},{\"@type\":\"ListItem\",\"position\":3,\"name\":\"Members of the Board\",\"item\":\"https:\\\/\\\/ggk.com.tr\\\/en\\\/about-us\\\/board-members\\\/\"},{\"@type\":\"ListItem\",\"position\":4,\"name\":\"Av. \u0130brahim Ta\u015fk\u0131n\"}]},{\"@type\":\"WebSite\",\"@id\":\"https:\\\/\\\/ggk.com.tr\\\/en\\\/#website\",\"url\":\"https:\\\/\\\/ggk.com.tr\\\/en\\\/\",\"name\":\"G\u0131da G\u00fcvenli\u011fi Kurulu\",\"description\":\"\",\"publisher\":{\"@id\":\"https:\\\/\\\/ggk.com.tr\\\/en\\\/#organization\"},\"potentialAction\":[{\"@type\":\"SearchAction\",\"target\":{\"@type\":\"EntryPoint\",\"urlTemplate\":\"https:\\\/\\\/ggk.com.tr\\\/en\\\/?s={search_term_string}\"},\"query-input\":{\"@type\":\"PropertyValueSpecification\",\"valueRequired\":true,\"valueName\":\"search_term_string\"}}],\"inLanguage\":\"en-US\"},{\"@type\":\"Organization\",\"@id\":\"https:\\\/\\\/ggk.com.tr\\\/en\\\/#organization\",\"name\":\"G\u0131da G\u00fcvenli\u011fi Kurulu\",\"url\":\"https:\\\/\\\/ggk.com.tr\\\/en\\\/\",\"logo\":{\"@type\":\"ImageObject\",\"inLanguage\":\"en-US\",\"@id\":\"https:\\\/\\\/ggk.com.tr\\\/en\\\/#\\\/schema\\\/logo\\\/image\\\/\",\"url\":\"https:\\\/\\\/ggk.com.tr\\\/wp-content\\\/uploads\\\/2025\\\/12\\\/logo.svg\",\"contentUrl\":\"https:\\\/\\\/ggk.com.tr\\\/wp-content\\\/uploads\\\/2025\\\/12\\\/logo.svg\",\"width\":271,\"height\":44,\"caption\":\"G\u0131da G\u00fcvenli\u011fi Kurulu\"},\"image\":{\"@id\":\"https:\\\/\\\/ggk.com.tr\\\/en\\\/#\\\/schema\\\/logo\\\/image\\\/\"}}]}<\/script>\n<!-- \/ Yoast SEO plugin. -->","yoast_head_json":{"title":"Av. \u0130brahim Ta\u015fk\u0131n - G\u0131da G\u00fcvenli\u011fi Kurulu","robots":{"index":"index","follow":"follow","max-snippet":"max-snippet:-1","max-image-preview":"max-image-preview:large","max-video-preview":"max-video-preview:-1"},"canonical":"https:\/\/ggk.com.tr\/en\/about-us\/board-members\/avibrahimtaskin\/","og_locale":"en_US","og_type":"article","og_title":"Av. \u0130brahim Ta\u015fk\u0131n - G\u0131da G\u00fcvenli\u011fi Kurulu","og_description":"Av. \u0130brahim Ta\u015fk\u0131n President of the Food Safety Board Born in 1963, \u0130brahim Ta\u015fk\u0131n had his elementary school education in Trabzon and Artvin, completed high school in \u0130stanbul, then graduated from \u0130stanbul University Faculty of Law in 1986. Called to the \u0130stanbul Bar, Mr. Ta\u015fk\u0131n started his career in 1989 as a self-employed lawyer and [&hellip;]","og_url":"https:\/\/ggk.com.tr\/en\/about-us\/board-members\/avibrahimtaskin\/","og_site_name":"G\u0131da G\u00fcvenli\u011fi Kurulu","article_modified_time":"2026-01-02T12:44:18+00:00","og_image":[{"width":640,"height":450,"url":"https:\/\/ggk.com.tr\/wp-content\/uploads\/2025\/12\/avibrahimtaskin3-1.webp","type":"image\/webp"}],"twitter_card":"summary_large_image","twitter_misc":{"Est. reading time":"2 minutes"},"schema":{"@context":"https:\/\/schema.org","@graph":[{"@type":"WebPage","@id":"https:\/\/ggk.com.tr\/en\/about-us\/board-members\/avibrahimtaskin\/","url":"https:\/\/ggk.com.tr\/en\/about-us\/board-members\/avibrahimtaskin\/","name":"Av. \u0130brahim Ta\u015fk\u0131n - G\u0131da G\u00fcvenli\u011fi Kurulu","isPartOf":{"@id":"https:\/\/ggk.com.tr\/en\/#website"},"primaryImageOfPage":{"@id":"https:\/\/ggk.com.tr\/en\/about-us\/board-members\/avibrahimtaskin\/#primaryimage"},"image":{"@id":"https:\/\/ggk.com.tr\/en\/about-us\/board-members\/avibrahimtaskin\/#primaryimage"},"thumbnailUrl":"https:\/\/ggk.com.tr\/wp-content\/uploads\/2025\/12\/avibrahimtaskin3-1.webp","datePublished":"2025-12-16T07:42:50+00:00","dateModified":"2026-01-02T12:44:18+00:00","breadcrumb":{"@id":"https:\/\/ggk.com.tr\/en\/about-us\/board-members\/avibrahimtaskin\/#breadcrumb"},"inLanguage":"en-US","potentialAction":[{"@type":"ReadAction","target":["https:\/\/ggk.com.tr\/en\/about-us\/board-members\/avibrahimtaskin\/"]}]},{"@type":"ImageObject","inLanguage":"en-US","@id":"https:\/\/ggk.com.tr\/en\/about-us\/board-members\/avibrahimtaskin\/#primaryimage","url":"https:\/\/ggk.com.tr\/wp-content\/uploads\/2025\/12\/avibrahimtaskin3-1.webp","contentUrl":"https:\/\/ggk.com.tr\/wp-content\/uploads\/2025\/12\/avibrahimtaskin3-1.webp"},{"@type":"BreadcrumbList","@id":"https:\/\/ggk.com.tr\/en\/about-us\/board-members\/avibrahimtaskin\/#breadcrumb","itemListElement":[{"@type":"ListItem","position":1,"name":"Anasayfa","item":"https:\/\/ggk.com.tr\/en\/"},{"@type":"ListItem","position":2,"name":"About Us","item":"https:\/\/ggk.com.tr\/en\/about-us\/"},{"@type":"ListItem","position":3,"name":"Members of the Board","item":"https:\/\/ggk.com.tr\/en\/about-us\/board-members\/"},{"@type":"ListItem","position":4,"name":"Av. \u0130brahim Ta\u015fk\u0131n"}]},{"@type":"WebSite","@id":"https:\/\/ggk.com.tr\/en\/#website","url":"https:\/\/ggk.com.tr\/en\/","name":"G\u0131da G\u00fcvenli\u011fi Kurulu","description":"","publisher":{"@id":"https:\/\/ggk.com.tr\/en\/#organization"},"potentialAction":[{"@type":"SearchAction","target":{"@type":"EntryPoint","urlTemplate":"https:\/\/ggk.com.tr\/en\/?s={search_term_string}"},"query-input":{"@type":"PropertyValueSpecification","valueRequired":true,"valueName":"search_term_string"}}],"inLanguage":"en-US"},{"@type":"Organization","@id":"https:\/\/ggk.com.tr\/en\/#organization","name":"G\u0131da G\u00fcvenli\u011fi Kurulu","url":"https:\/\/ggk.com.tr\/en\/","logo":{"@type":"ImageObject","inLanguage":"en-US","@id":"https:\/\/ggk.com.tr\/en\/#\/schema\/logo\/image\/","url":"https:\/\/ggk.com.tr\/wp-content\/uploads\/2025\/12\/logo.svg","contentUrl":"https:\/\/ggk.com.tr\/wp-content\/uploads\/2025\/12\/logo.svg","width":271,"height":44,"caption":"G\u0131da G\u00fcvenli\u011fi Kurulu"},"image":{"@id":"https:\/\/ggk.com.tr\/en\/#\/schema\/logo\/image\/"}}]}},"jetpack_likes_enabled":true,"jetpack_sharing_enabled":true,"jetpack_shortlink":"https:\/\/wp.me\/PgXzKU-nW","_links":{"self":[{"href":"https:\/\/ggk.com.tr\/en\/wp-json\/wp\/v2\/pages\/1484","targetHints":{"allow":["GET"]}}],"collection":[{"href":"https:\/\/ggk.com.tr\/en\/wp-json\/wp\/v2\/pages"}],"about":[{"href":"https:\/\/ggk.com.tr\/en\/wp-json\/wp\/v2\/types\/page"}],"author":[{"embeddable":true,"href":"https:\/\/ggk.com.tr\/en\/wp-json\/wp\/v2\/users\/248008079"}],"replies":[{"embeddable":true,"href":"https:\/\/ggk.com.tr\/en\/wp-json\/wp\/v2\/comments?post=1484"}],"version-history":[{"count":9,"href":"https:\/\/ggk.com.tr\/en\/wp-json\/wp\/v2\/pages\/1484\/revisions"}],"predecessor-version":[{"id":2887,"href":"https:\/\/ggk.com.tr\/en\/wp-json\/wp\/v2\/pages\/1484\/revisions\/2887"}],"up":[{"embeddable":true,"href":"https:\/\/ggk.com.tr\/en\/wp-json\/wp\/v2\/pages\/1475"}],"wp:attachment":[{"href":"https:\/\/ggk.com.tr\/en\/wp-json\/wp\/v2\/media?parent=1484"}],"curies":[{"name":"wp","href":"https:\/\/api.w.org\/{rel}","templated":true}]}}